{"id":58,"date":"2023-10-30T08:49:15","date_gmt":"2023-10-30T08:49:15","guid":{"rendered":"http:\/\/ebc.paulainc.ca\/?page_id=58"},"modified":"2024-04-17T19:02:28","modified_gmt":"2024-04-17T19:02:28","slug":"financial-institutions","status":"publish","type":"page","link":"https:\/\/ebc.paulainc.ca\/fr\/paiements\/les-institutions-financieres\/","title":{"rendered":"Paiements internationaux pour les institutions financi\u00e8res"},"content":{"rendered":"<div class=\"wp-block-group pb-0\"><div class=\"wp-block-group__inner-container is-layout-constrained wp-block-group-is-layout-constrained\">\n<h2 class=\"wp-block-heading title-section\">Nos services<\/h2>\n\n\n  <div id=\"htabs-block_ae59ec548ae8755829dd5ede85de115b\" class=\"htabs\">\n\n      <ul class=\"htabs-name d-flex\">\n                  <li data-tab=\"htab-1\" class=\"translation-block\">Services de<br>\ncorrespondance bancaire<\/li>\n                  <li data-tab=\"htab-2\" class=\"translation-block\">Solutions technologiques<br>en succursale<\/li>\n              <\/ul>\n\n      <div class=\"htabs-wrapper\">\n\n        <div class=\"htabs-content\">\n                      <div id=\"htab-1\" class=\"htab d-none\">\n              <ul>\n<li><b>\u00c9largissez votre offre de produits<\/b>: Offrez des paiements internationaux \u00e0 votre client\u00e8le au moyen de l\u2019\u00e9change de fichiers, de SWIFT ou des API d\u2019EBC et tirez parti de notre vaste r\u00e9seau pour obtenir des taux de change concurrentiels et une ex\u00e9cution rapide des paiements.<\/li>\n<\/ul>\n            <\/div>\n                      <div id=\"htab-2\" class=\"htab d-none\">\n              <ul>\n<li class=\"comment_message--commentUnorderedListItem--8Xjer\"><span class=\"comment_message--boldStyle--4eiNG\"><strong>Service complet<\/strong>:<\/span><span class=\"\"> Poussez encore plus loin nos services de correspondance bancaire. G\u00e9rez et automatisez vos paiements internationaux en succursale ou en arri\u00e8re-guichet gr\u00e2ce \u00e0 notre plateforme de paiements transfrontaliers facile \u00e0 utiliser, EBC FX.<\/span><\/li>\n<li class=\"comment_message--commentUnorderedListItem--8Xjer translation-block\"><span class=\"comment_message--boldStyle--4eiNG\"><strong>Int\u00e9gration du centre de paiement et des principaux fournisseurs<\/strong>:<\/span><span class=\"\"> L\u2019int\u00e9gration d\u2019EBC avec les syst\u00e8mes de pointe du centre de paiement et les principaux fournisseurs permet d\u2019automatiser votre processus de paiement et de r\u00e9duire le travail manuel. <\/span><\/li>\n<\/ul>\n            <\/div>\n          \n        <\/div>\n\n                  <div class=\"htabs-img\">\n            <img decoding=\"async\" src=\"https:\/\/ebc.paulainc.ca\/wp-content\/uploads\/2023\/11\/billetera-cerrada-euros-mapa-mundial-w-1.jpg\" alt=\"Nos services\">\n          <\/div>\n              <\/div>\n\n      <div class=\"mob-htabs-wrapper\">\n\n                    <div class=\"mob-htabs-content\">\n            <div class=\"htab-title\"><h3 class=\"mb-0 translation-block\">Services de<br>\ncorrespondance bancaire<\/h3><\/div>\n            <div class=\"htab d-none\">\n              <ul>\n<li><b>\u00c9largissez votre offre de produits<\/b>: Offrez des paiements internationaux \u00e0 votre client\u00e8le au moyen de l\u2019\u00e9change de fichiers, de SWIFT ou des API d\u2019EBC et tirez parti de notre vaste r\u00e9seau pour obtenir des taux de change concurrentiels et une ex\u00e9cution rapide des paiements.<\/li>\n<\/ul>\n            <\/div>\n          <\/div>\n                    <div class=\"mob-htabs-content\">\n            <div class=\"htab-title\"><h3 class=\"mb-0 translation-block\">Solutions technologiques<br>en succursale<\/h3><\/div>\n            <div class=\"htab d-none\">\n              <ul>\n<li class=\"comment_message--commentUnorderedListItem--8Xjer\"><span class=\"comment_message--boldStyle--4eiNG\"><strong>Service complet<\/strong>:<\/span><span class=\"\"> Poussez encore plus loin nos services de correspondance bancaire. G\u00e9rez et automatisez vos paiements internationaux en succursale ou en arri\u00e8re-guichet gr\u00e2ce \u00e0 notre plateforme de paiements transfrontaliers facile \u00e0 utiliser, EBC FX.<\/span><\/li>\n<li class=\"comment_message--commentUnorderedListItem--8Xjer translation-block\"><span class=\"comment_message--boldStyle--4eiNG\"><strong>Int\u00e9gration du centre de paiement et des principaux fournisseurs<\/strong>:<\/span><span class=\"\"> L\u2019int\u00e9gration d\u2019EBC avec les syst\u00e8mes de pointe du centre de paiement et les principaux fournisseurs permet d\u2019automatiser votre processus de paiement et de r\u00e9duire le travail manuel. <\/span><\/li>\n<\/ul>\n            <\/div>\n          <\/div>\n          \n      <\/div>\n\n  <\/div>\n\n\n\n<div style=\"height:90px\" aria-hidden=\"true\" class=\"wp-block-spacer\"><\/div>\n\n\n\n<h2 class=\"wp-block-heading title-section\">Pourquoi choisir EBC?<\/h2>\n<\/div><\/div>\n\n\n\n<div class=\"wp-block-group group-counter has-white-background-color has-background\"><div class=\"wp-block-group__inner-container is-layout-constrained wp-block-group-is-layout-constrained\">\n<div class=\"wp-block-columns maxw-870 mx-auto mb-0 is-layout-flex wp-container-core-columns-is-layout-9d6595d7 wp-block-columns-is-layout-flex\">\n<div class=\"wp-block-column is-layout-flow wp-block-column-is-layout-flow\">\n\n<div id=\"counter-block_024c1679a38323513c30258c41c12512\" class=\"counter\">\n\t\t<h2><span class=\"countUp\">80<\/span>+<\/h2>\n    <p class=\"mb-0\">Devises<\/p>\n<\/div>\n\n\n<\/div>\n\n\n\n<div class=\"wp-block-column is-layout-flow wp-block-column-is-layout-flow\">\n\n<div id=\"counter-block_32914a94e122bb712d04ff691d29be9c\" class=\"counter\">\n\t\t<h2><span class=\"countUp\">85<\/span> NPS<\/h2>\n    <p class=\"mb-0\">Taux de recommandation net le plus \u00e9lev\u00e9 du secteur<\/p>\n<\/div>\n\n\n<\/div>\n\n\n\n<div class=\"wp-block-column is-layout-flow wp-block-column-is-layout-flow\">\n\n<div id=\"counter-block_2741bca151caa4afad5ab203e4780302\" class=\"counter\">\n\t\t<h2><span class=\"countUp\">170<\/span>+<\/h2>\n    <p class=\"mb-0\">Pays<\/p>\n<\/div>\n\n\n<\/div>\n<\/div>\n<\/div><\/div>\n\n\n\n<div class=\"wp-block-group\"><div class=\"wp-block-group__inner-container is-layout-constrained wp-block-group-is-layout-constrained\">\n<div id=\"card-block_aa0a70b3fea2c30585ea40a0a16f1134\" class=\"card mb-0 img-right\">\n\n\t<div class=\"card-image\" ><img decoding=\"async\" src=\"https:\/\/ebc.paulainc.ca\/wp-content\/uploads\/2023\/11\/01.jpg\" alt=\"Banque de l\u2019annexe 1\" ><\/div>\n\t<div class=\"card-content\" >\n\t\t<h3>Banque de l\u2019annexe 1<\/h3>\n\t\t<div class=\"card-desc\"><p>EBC est r\u00e9gie en vertu de la Loi sur les banques f\u00e9d\u00e9rales et supervis\u00e9e par les principaux organismes de r\u00e9glementation bancaire du Canada, soit le Bureau du surintendant des institutions financi\u00e8res (BSIF) et l\u2019Agence de la consommation en mati\u00e8re financi\u00e8re du Canada (ACFC).<\/p>\n<\/div>\n\t\t\t\t\t\t<div class=\"card-link\"><a class=\"button has-small-font-size\" href=\"https:\/\/www.osfi-bsif.gc.ca\/fra\/wt-ow\/Pages\/wwr-er.aspx?sc=1&amp;gc=1&amp;ic=1\" target=\"_blank\">En savoir plus<\/a><\/div>\n\t\t\t\t<\/div>\n\n<\/div>\n\n\n<\/div><\/div>\n\n\n\n<div class=\"wp-block-cover\"><span aria-hidden=\"true\" class=\"wp-block-cover__background has-background-dim-0 has-background-dim\"><\/span><img loading=\"lazy\" decoding=\"async\" width=\"1920\" height=\"1280\" class=\"wp-block-cover__image-background wp-image-1261\" alt=\"\" src=\"http:\/\/ebc.paulainc.ca\/wp-content\/uploads\/2023\/12\/banknotes-background-blue-1.jpg\" data-object-fit=\"cover\" srcset=\"https:\/\/ebc.paulainc.ca\/wp-content\/uploads\/2023\/12\/banknotes-background-blue-1.jpg 1920w, https:\/\/ebc.paulainc.ca\/wp-content\/uploads\/2023\/12\/banknotes-background-blue-1-300x200.jpg 300w, https:\/\/ebc.paulainc.ca\/wp-content\/uploads\/2023\/12\/banknotes-background-blue-1-1024x683.jpg 1024w, https:\/\/ebc.paulainc.ca\/wp-content\/uploads\/2023\/12\/banknotes-background-blue-1-768x512.jpg 768w, https:\/\/ebc.paulainc.ca\/wp-content\/uploads\/2023\/12\/banknotes-background-blue-1-1536x1024.jpg 1536w, https:\/\/ebc.paulainc.ca\/wp-content\/uploads\/2023\/12\/banknotes-background-blue-1-18x12.jpg 18w\" sizes=\"auto, (max-width: 1920px) 100vw, 1920px\" \/><div class=\"wp-block-cover__inner-container is-layout-constrained wp-block-cover-is-layout-constrained\">\n<h2 class=\"wp-block-heading alignfull has-text-align-left title-section title-light\">Les solutions d\u2019EBC sont<\/h2>\n\n\n  <div id=\"vtabs-block_8798403114372e65f419a27fa7601c1e\" class=\"vtabs d-flex\">\n\n      <ul class=\"vtabs-name\">\n                  <li data-tab=\"tab-1\">Rentables<\/li>\n                  <li data-tab=\"tab-2\">Pratiques<\/li>\n                  <li data-tab=\"tab-3\">Dignes de confiance<\/li>\n              <\/ul>\n\n      <div class=\"vtabs-content\">\n                  <div id=\"tab-1\" class=\"vtab d-none\">\n          <div class=\"init-content\"><p><span style=\"color: #faa519;\"><strong>Des taux de change tr\u00e8s concurrentiels<\/strong><\/span><br \/>\nTirez parti du r\u00e9seau de relations mondiales d\u2019EBC pour profiter de taux de change sup\u00e9rieurs et de services de paiement fiables.<\/p>\n<\/div>\n          <\/div>\n                  <div id=\"tab-2\" class=\"vtab d-none\">\n          <div class=\"init-content\"><p><span style=\"color: #faa519;\"><strong>Logiciel de paiement convivial<\/strong><\/span><br \/>\nQu\u2019il s\u2019agisse d\u2019une solution en succursale ou de services de correspondance, EBC simplifie les paiements internationaux pour vous et vos clients.<\/p>\n<p><span style=\"color: #faa519;\"><strong>Outils automatis\u00e9s de validation en conformit\u00e9 avec la r\u00e9glementation bancaire locale<\/strong><\/span><br \/>\nR\u00e8gles de paiement propres \u00e0 chaque pays appliqu\u00e9es via la validation IBAN et les outils de recherche BIC pour r\u00e9duire les erreurs de paiement.<\/p>\n<p><span style=\"color: #faa519;\"><strong>Service \u00e0 la client\u00e8le in\u00e9gal\u00e9<\/strong><\/span><br \/>\nNotre \u00e9quipe du service \u00e0 la client\u00e8le est l\u2019une des meilleures du secteur, comme en t\u00e9moigne notre taux de recommandation net exceptionnellement \u00e9lev\u00e9.<\/p>\n<\/div>\n          <\/div>\n                  <div id=\"tab-3\" class=\"vtab d-none\">\n          <div class=\"init-content\"><div class=\"comment_message--commentMessage--UoyEA thread_comment--text--kcUeG text--fontPos13--5OfL8 text--_fontBase--VaHfk\" dir=\"auto\" data-testid=\"comment-message\"><span style=\"color: #faa519;\"><strong><span class=\"comment_message--boldStyle--4eiNG\">Conforme au SOC 2 Type II<\/span><\/strong><\/span><span class=\"\"><br \/>\nLa suite logicielle d\u2019EBC repose sur la s\u00e9curit\u00e9 et la conformit\u00e9, notamment: <\/span><\/p>\n<ul>\n<li class=\"comment_message--commentUnorderedListItem--8Xjer\"><span class=\"\">Examen en temps r\u00e9el de la liste de surveillance, restrictions d\u2019acc\u00e8s au moyen d\u2019adresses IP, notifications par courriel.<\/span><\/li>\n<li class=\"comment_message--commentUnorderedListItem--8Xjer\"><span class=\"\">Approbations personnalisables \u00e0 plusieurs niveaux, limites des virements, authentification multifactorielle.<\/span><\/li>\n<\/ul>\n<p><span style=\"color: #faa519;\"><strong><span class=\"comment_message--boldStyle--4eiNG\">Membre de SWIFT <\/span><\/strong><\/span><span class=\"\"><br \/>\nEBC est un membre actif et conforme de SWIFT, qui tire parti du r\u00e9seau et des services Swift GPI pour offrir un suivi des paiements de bout en bout et de la transparence.<\/span><\/div>\n<\/div>\n          <\/div>\n        \n      <\/div>\n\n      <div class=\"mob-vtabs-content d-none\">\n                <div class=\"mob-vtab-content\">\n          <div class=\"vtab-title\"><h3 class=\"mb-0\">Rentables<\/h3><\/div>\n          <div id=\"tab-1\" class=\"vtab pb-1\">\n           <p><span style=\"color: #faa519;\"><strong>Des taux de change tr\u00e8s concurrentiels<\/strong><\/span><br \/>\nTirez parti du r\u00e9seau de relations mondiales d\u2019EBC pour profiter de taux de change sup\u00e9rieurs et de services de paiement fiables.<\/p>\n          <\/div>\n        <\/div>\n                <div class=\"mob-vtab-content\">\n          <div class=\"vtab-title\"><h3 class=\"mb-0\">Pratiques<\/h3><\/div>\n          <div id=\"tab-2\" class=\"vtab pb-1\">\n           <p><span style=\"color: #faa519;\"><strong>Logiciel de paiement convivial<\/strong><\/span><br \/>\nQu\u2019il s\u2019agisse d\u2019une solution en succursale ou de services de correspondance, EBC simplifie les paiements internationaux pour vous et vos clients.<\/p>\n<p><span style=\"color: #faa519;\"><strong>Outils automatis\u00e9s de validation en conformit\u00e9 avec la r\u00e9glementation bancaire locale<\/strong><\/span><br \/>\nR\u00e8gles de paiement propres \u00e0 chaque pays appliqu\u00e9es via la validation IBAN et les outils de recherche BIC pour r\u00e9duire les erreurs de paiement.<\/p>\n<p><span style=\"color: #faa519;\"><strong>Service \u00e0 la client\u00e8le in\u00e9gal\u00e9<\/strong><\/span><br \/>\nNotre \u00e9quipe du service \u00e0 la client\u00e8le est l\u2019une des meilleures du secteur, comme en t\u00e9moigne notre taux de recommandation net exceptionnellement \u00e9lev\u00e9.<\/p>\n          <\/div>\n        <\/div>\n                <div class=\"mob-vtab-content\">\n          <div class=\"vtab-title\"><h3 class=\"mb-0\">Dignes de confiance<\/h3><\/div>\n          <div id=\"tab-3\" class=\"vtab pb-1\">\n           <div class=\"comment_message--commentMessage--UoyEA thread_comment--text--kcUeG text--fontPos13--5OfL8 text--_fontBase--VaHfk\" dir=\"auto\" data-testid=\"comment-message\"><span style=\"color: #faa519;\"><strong><span class=\"comment_message--boldStyle--4eiNG\">Conforme au SOC 2 Type II<\/span><\/strong><\/span><span class=\"\"><br \/>\nLa suite logicielle d\u2019EBC repose sur la s\u00e9curit\u00e9 et la conformit\u00e9, notamment: <\/span><\/p>\n<ul>\n<li class=\"comment_message--commentUnorderedListItem--8Xjer\"><span class=\"\">Examen en temps r\u00e9el de la liste de surveillance, restrictions d\u2019acc\u00e8s au moyen d\u2019adresses IP, notifications par courriel.<\/span><\/li>\n<li class=\"comment_message--commentUnorderedListItem--8Xjer\"><span class=\"\">Approbations personnalisables \u00e0 plusieurs niveaux, limites des virements, authentification multifactorielle.<\/span><\/li>\n<\/ul>\n<p><span style=\"color: #faa519;\"><strong><span class=\"comment_message--boldStyle--4eiNG\">Membre de SWIFT <\/span><\/strong><\/span><span class=\"\"><br \/>\nEBC est un membre actif et conforme de SWIFT, qui tire parti du r\u00e9seau et des services Swift GPI pour offrir un suivi des paiements de bout en bout et de la transparence.<\/span><\/div>\n          <\/div>\n        <\/div>\n        \n      <\/div>\n  <\/div>\n\n<\/div><\/div>\n\n\n\n<div style=\"height:90px\" aria-hidden=\"true\" class=\"wp-block-spacer md-none\"><\/div>\n\n\n\n<div class=\"wp-block-group contact-us pt-0 pb-0\"><div class=\"wp-block-group__inner-container is-layout-constrained wp-block-group-is-layout-constrained\">\n<div class=\"wp-block-media-text has-media-on-the-right is-stacked-on-mobile\"><div class=\"wp-block-media-text__content\">\n<h2 class=\"wp-block-heading\">Simplifiez vos paiements internationaux maintenant<\/h2>\n\n\n\n<p>Communiquez avec notre Groupe des institutions financi\u00e8res pour savoir comment nous pouvons vous aider \u00e0 rationaliser vos paiements internationaux.<\/p>\n\n\n\n<div class=\"wp-block-buttons mt-4 is-layout-flex wp-block-buttons-is-layout-flex\">\n<div class=\"wp-block-button\"><a class=\"wp-block-button__link wp-element-button\" href=\"\/fr\/nous-contacter\/\">Nous contacter<\/a><\/div>\n<\/div>\n<\/div><figure class=\"wp-block-media-text__media\"><img loading=\"lazy\" decoding=\"async\" width=\"552\" height=\"466\" src=\"http:\/\/ebc.paulainc.ca\/wp-content\/uploads\/2023\/12\/attachment.png\" alt=\"\" class=\"wp-image-1201 size-full\" srcset=\"https:\/\/ebc.paulainc.ca\/wp-content\/uploads\/2023\/12\/attachment.png 552w, https:\/\/ebc.paulainc.ca\/wp-content\/uploads\/2023\/12\/attachment-300x253.png 300w\" sizes=\"auto, (max-width: 552px) 100vw, 552px\" \/><\/figure><\/div>\n<\/div><\/div>","protected":false},"excerpt":{"rendered":"<p>Nos services Pourquoi EBC Simplifiez vos paiements internationaux Contactez notre groupe Institutions financi\u00e8res pour savoir comment nous pouvons vous aider \u00e0 rationaliser vos paiements internationaux.<\/p>","protected":false},"author":2,"featured_media":519,"parent":1402,"menu_order":0,"comment_status":"closed","ping_status":"closed","template":"","meta":{"_acf_changed":false,"inline_featured_image":false,"footnotes":""},"class_list":["post-58","page","type-page","status-publish","has-post-thumbnail","hentry"],"acf":[],"yoast_head":"<!-- This site is optimized with the Yoast SEO plugin v25.3 - https:\/\/yoast.com\/wordpress\/plugins\/seo\/ -->\n<title>International Payments for Financial Institutions - EBC<\/title>\n<meta name=\"robots\" content=\"noindex, follow, max-snippet:-1, max-image-preview:large, max-video-preview:-1\" \/>\n<meta property=\"og:locale\" content=\"fr_CA\" \/>\n<meta property=\"og:type\" content=\"article\" \/>\n<meta property=\"og:title\" content=\"International Payments for Financial Institutions - EBC\" \/>\n<meta property=\"og:description\" content=\"Our Services Why EBC Simplify your International Payments Now Contact our Financial Institutions Group to learn how we can help you streamline your international payments.\" \/>\n<meta property=\"og:url\" content=\"https:\/\/ebc.paulainc.ca\/fr\/paiements\/les-institutions-financieres\/\" \/>\n<meta property=\"og:site_name\" content=\"EBC\" \/>\n<meta property=\"article:modified_time\" content=\"2024-04-17T19:02:28+00:00\" \/>\n<meta property=\"og:image\" content=\"https:\/\/ebc.paulainc.ca\/wp-content\/uploads\/2021\/08\/Insights-cover-image-1-1024x731.png\" \/>\n\t<meta property=\"og:image:width\" content=\"1024\" \/>\n\t<meta property=\"og:image:height\" content=\"731\" \/>\n\t<meta property=\"og:image:type\" content=\"image\/png\" \/>\n<meta name=\"twitter:card\" content=\"summary_large_image\" \/>\n<meta name=\"twitter:label1\" content=\"Est. reading time\" \/>\n\t<meta name=\"twitter:data1\" content=\"1 minute\" \/>\n<script type=\"application\/ld+json\" class=\"yoast-schema-graph\">{\"@context\":\"https:\/\/schema.org\",\"@graph\":[{\"@type\":\"WebPage\",\"@id\":\"https:\/\/ebc.paulainc.ca\/en\/payments\/financial-institutions\/\",\"url\":\"https:\/\/ebc.paulainc.ca\/en\/payments\/financial-institutions\/\",\"name\":\"International Payments for Financial Institutions - EBC\",\"isPartOf\":{\"@id\":\"https:\/\/ebc.paulainc.ca\/en\/#website\"},\"primaryImageOfPage\":{\"@id\":\"https:\/\/ebc.paulainc.ca\/en\/payments\/financial-institutions\/#primaryimage\"},\"image\":{\"@id\":\"https:\/\/ebc.paulainc.ca\/en\/payments\/financial-institutions\/#primaryimage\"},\"thumbnailUrl\":\"https:\/\/ebc.paulainc.ca\/wp-content\/uploads\/2023\/11\/Picture-banner-Clip-Content.jpg\",\"datePublished\":\"2023-10-30T08:49:15+00:00\",\"dateModified\":\"2024-04-17T19:02:28+00:00\",\"breadcrumb\":{\"@id\":\"https:\/\/ebc.paulainc.ca\/en\/payments\/financial-institutions\/#breadcrumb\"},\"inLanguage\":\"fr-CA\",\"potentialAction\":[{\"@type\":\"ReadAction\",\"target\":[\"https:\/\/ebc.paulainc.ca\/en\/payments\/financial-institutions\/\"]}]},{\"@type\":\"ImageObject\",\"inLanguage\":\"fr-CA\",\"@id\":\"https:\/\/ebc.paulainc.ca\/en\/payments\/financial-institutions\/#primaryimage\",\"url\":\"https:\/\/ebc.paulainc.ca\/wp-content\/uploads\/2023\/11\/Picture-banner-Clip-Content.jpg\",\"contentUrl\":\"https:\/\/ebc.paulainc.ca\/wp-content\/uploads\/2023\/11\/Picture-banner-Clip-Content.jpg\",\"width\":872,\"height\":456},{\"@type\":\"BreadcrumbList\",\"@id\":\"https:\/\/ebc.paulainc.ca\/en\/payments\/financial-institutions\/#breadcrumb\",\"itemListElement\":[{\"@type\":\"ListItem\",\"position\":1,\"name\":\"Home\",\"item\":\"https:\/\/ebc.paulainc.ca\/en\/\"},{\"@type\":\"ListItem\",\"position\":2,\"name\":\"Payments\",\"item\":\"https:\/\/ebc.paulainc.ca\/en\/payments\/\"},{\"@type\":\"ListItem\",\"position\":3,\"name\":\"International Payments for Financial Institutions\"}]},{\"@type\":\"WebSite\",\"@id\":\"https:\/\/ebc.paulainc.ca\/en\/#website\",\"url\":\"https:\/\/ebc.paulainc.ca\/en\/\",\"name\":\"EBC\",\"description\":\"\",\"potentialAction\":[{\"@type\":\"SearchAction\",\"target\":{\"@type\":\"EntryPoint\",\"urlTemplate\":\"https:\/\/ebc.paulainc.ca\/en\/?s={search_term_string}\"},\"query-input\":{\"@type\":\"PropertyValueSpecification\",\"valueRequired\":true,\"valueName\":\"search_term_string\"}}],\"inLanguage\":\"fr-CA\"}]}<\/script>\n<!-- \/ Yoast SEO plugin. -->","yoast_head_json":{"title":"International Payments for Financial Institutions - EBC","robots":{"index":"noindex","follow":"follow","max-snippet":"max-snippet:-1","max-image-preview":"max-image-preview:large","max-video-preview":"max-video-preview:-1"},"og_locale":"fr_CA","og_type":"article","og_title":"International Payments for Financial Institutions - EBC","og_description":"Our Services Why EBC Simplify your International Payments Now Contact our Financial Institutions Group to learn how we can help you streamline your international payments.","og_url":"https:\/\/ebc.paulainc.ca\/fr\/paiements\/les-institutions-financieres\/","og_site_name":"EBC","article_modified_time":"2024-04-17T19:02:28+00:00","og_image":[{"width":1024,"height":731,"url":"https:\/\/ebc.paulainc.ca\/wp-content\/uploads\/2021\/08\/Insights-cover-image-1-1024x731.png","type":"image\/png"}],"twitter_card":"summary_large_image","twitter_misc":{"Est. reading time":"1 minute"},"schema":{"@context":"https:\/\/schema.org","@graph":[{"@type":"WebPage","@id":"https:\/\/ebc.paulainc.ca\/en\/payments\/financial-institutions\/","url":"https:\/\/ebc.paulainc.ca\/en\/payments\/financial-institutions\/","name":"International Payments for Financial Institutions - EBC","isPartOf":{"@id":"https:\/\/ebc.paulainc.ca\/en\/#website"},"primaryImageOfPage":{"@id":"https:\/\/ebc.paulainc.ca\/en\/payments\/financial-institutions\/#primaryimage"},"image":{"@id":"https:\/\/ebc.paulainc.ca\/en\/payments\/financial-institutions\/#primaryimage"},"thumbnailUrl":"https:\/\/ebc.paulainc.ca\/wp-content\/uploads\/2023\/11\/Picture-banner-Clip-Content.jpg","datePublished":"2023-10-30T08:49:15+00:00","dateModified":"2024-04-17T19:02:28+00:00","breadcrumb":{"@id":"https:\/\/ebc.paulainc.ca\/en\/payments\/financial-institutions\/#breadcrumb"},"inLanguage":"fr-CA","potentialAction":[{"@type":"ReadAction","target":["https:\/\/ebc.paulainc.ca\/en\/payments\/financial-institutions\/"]}]},{"@type":"ImageObject","inLanguage":"fr-CA","@id":"https:\/\/ebc.paulainc.ca\/en\/payments\/financial-institutions\/#primaryimage","url":"https:\/\/ebc.paulainc.ca\/wp-content\/uploads\/2023\/11\/Picture-banner-Clip-Content.jpg","contentUrl":"https:\/\/ebc.paulainc.ca\/wp-content\/uploads\/2023\/11\/Picture-banner-Clip-Content.jpg","width":872,"height":456},{"@type":"BreadcrumbList","@id":"https:\/\/ebc.paulainc.ca\/en\/payments\/financial-institutions\/#breadcrumb","itemListElement":[{"@type":"ListItem","position":1,"name":"Home","item":"https:\/\/ebc.paulainc.ca\/en\/"},{"@type":"ListItem","position":2,"name":"Payments","item":"https:\/\/ebc.paulainc.ca\/en\/payments\/"},{"@type":"ListItem","position":3,"name":"International Payments for Financial Institutions"}]},{"@type":"WebSite","@id":"https:\/\/ebc.paulainc.ca\/en\/#website","url":"https:\/\/ebc.paulainc.ca\/en\/","name":"EBC","description":"","potentialAction":[{"@type":"SearchAction","target":{"@type":"EntryPoint","urlTemplate":"https:\/\/ebc.paulainc.ca\/en\/?s={search_term_string}"},"query-input":{"@type":"PropertyValueSpecification","valueRequired":true,"valueName":"search_term_string"}}],"inLanguage":"fr-CA"}]}},"_links":{"self":[{"href":"https:\/\/ebc.paulainc.ca\/fr\/wp-json\/wp\/v2\/pages\/58","targetHints":{"allow":["GET"]}}],"collection":[{"href":"https:\/\/ebc.paulainc.ca\/fr\/wp-json\/wp\/v2\/pages"}],"about":[{"href":"https:\/\/ebc.paulainc.ca\/fr\/wp-json\/wp\/v2\/types\/page"}],"author":[{"embeddable":true,"href":"https:\/\/ebc.paulainc.ca\/fr\/wp-json\/wp\/v2\/users\/2"}],"replies":[{"embeddable":true,"href":"https:\/\/ebc.paulainc.ca\/fr\/wp-json\/wp\/v2\/comments?post=58"}],"version-history":[{"count":58,"href":"https:\/\/ebc.paulainc.ca\/fr\/wp-json\/wp\/v2\/pages\/58\/revisions"}],"predecessor-version":[{"id":1667,"href":"https:\/\/ebc.paulainc.ca\/fr\/wp-json\/wp\/v2\/pages\/58\/revisions\/1667"}],"up":[{"embeddable":true,"href":"https:\/\/ebc.paulainc.ca\/fr\/wp-json\/wp\/v2\/pages\/1402"}],"wp:featuredmedia":[{"embeddable":true,"href":"https:\/\/ebc.paulainc.ca\/fr\/wp-json\/wp\/v2\/media\/519"}],"wp:attachment":[{"href":"https:\/\/ebc.paulainc.ca\/fr\/wp-json\/wp\/v2\/media?parent=58"}],"curies":[{"name":"wp","href":"https:\/\/api.w.org\/{rel}","templated":true}]}}