{"id":66,"date":"2023-10-30T08:50:53","date_gmt":"2023-10-30T08:50:53","guid":{"rendered":"http:\/\/ebc.paulainc.ca\/?page_id=66"},"modified":"2024-04-17T18:49:39","modified_gmt":"2024-04-17T18:49:39","slug":"payments-as-a-service","status":"publish","type":"page","link":"https:\/\/ebc.paulainc.ca\/fr\/paiements\/paiements-en-tant-que-service\/","title":{"rendered":"Paiements en tant que service"},"content":{"rendered":"<div class=\"wp-block-group pb-0\"><div class=\"wp-block-group__inner-container is-layout-constrained wp-block-group-is-layout-constrained\">\n<ul class=\"title-list d-flex mb-0 wp-block-list\">\n<li class=\"mb-0\"><h3 class=\"mb-0\">Favorisez la fid\u00e9lisation des clients<\/h3><\/li>\n\n\n\n<li class=\"mb-0\"><h3 class=\"mb-0\">D\u00e9bloquez de nouveaux revenus potentiels<\/h3><\/li>\n\n\n\n<li class=\"mb-0\"><h3 class=\"mb-0\">Positionnez-vous rapidement sur le march\u00e9<\/h3><\/li>\n<\/ul>\n\n\n\n<div style=\"height:90px\" aria-hidden=\"true\" class=\"wp-block-spacer\"><\/div>\n\n\n\n<h2 class=\"wp-block-heading title-section mb-0\">Notre solution Paiements en<br>tant que service (PaaS)<\/h2>\n<\/div><\/div>\n\n\n<div id=\"steps-block_a004ccbaf2d5a53ea1af13eaa478ee8e\" class=\"steps\">\n\n    <div class=\"steps-content\">\n      <div class=\"wrapper d-flex arrows_show\">\n                          <div class=\"col-left\">\n\n                <h2>Votre plateforme<\/h2>\n\n                \n                                <div class=\"wrapper-steps\">\n                                        <div class=\"step aos-init\" data-aos=\"fade-up\" data-aos-duration=\"1200\">\n                      <h3 class=\"row_idx aos-init\" data-aos=\"fade-up\" data-aos-duration=\"1200\">1<\/h3>\n                                                                    <p class=\"aos-init\" data-aos=\"fade-up\" data-aos-duration=\"1200\" data-aos-delay=\"900\">Effectuez un paiement en fonction d\u2019un pays et d\u2019une devise<\/p>\n                                            <div class=\"icon aos-init\" data-aos=\"fade-up\" data-aos-duration=\"1200\" data-aos-delay=\"900\"><img decoding=\"async\" src=\"https:\/\/ebc.paulainc.ca\/wp-content\/uploads\/2023\/11\/Frame.svg\" alt=\"\"><\/div>\n                    <\/div>\n\n\n                                        <div class=\"step aos-init\" data-aos=\"fade-up\" data-aos-duration=\"1200\">\n                      <h3 class=\"row_idx aos-init\" data-aos=\"fade-up\" data-aos-duration=\"1200\">2<\/h3>\n                                                                    <p class=\"aos-init\" data-aos=\"fade-up\" data-aos-duration=\"1200\" data-aos-delay=\"900\">Acceptez le taux et indiquez les instructions de paiement<\/p>\n                                            <div class=\"icon aos-init\" data-aos=\"fade-up\" data-aos-duration=\"1200\" data-aos-delay=\"900\"><img decoding=\"async\" src=\"https:\/\/ebc.paulainc.ca\/wp-content\/uploads\/2023\/11\/Frame1.svg\" alt=\"\"><\/div>\n                    <\/div>\n\n\n                                        <div class=\"step aos-init\" data-aos=\"fade-up\" data-aos-duration=\"1200\">\n                      <h3 class=\"row_idx aos-init\" data-aos=\"fade-up\" data-aos-duration=\"1200\">3<\/h3>\n                                                                    <p class=\"aos-init\" data-aos=\"fade-up\" data-aos-duration=\"1200\" data-aos-delay=\"900\">Faites le suivi de vos paiements<\/p>\n                                            <div class=\"icon aos-init\" data-aos=\"fade-up\" data-aos-duration=\"1200\" data-aos-delay=\"900\"><img decoding=\"async\" src=\"https:\/\/ebc.paulainc.ca\/wp-content\/uploads\/2023\/11\/Signal.svg\" alt=\"\"><\/div>\n                    <\/div>\n\n\n                                    <\/div>\n                              <\/div>\n            \n            \n                            <div class=\"col-right hide_idx\">\n\n                <h2>Moteur de change et infrastructure de paiement d\u2019EBC <\/h2>\n\n                \n                                <div class=\"wrapper-steps\">\n                                        <div class=\"step aos-init\" data-aos=\"fade-up\" data-aos-duration=\"1200\">\n                      <h3 class=\"row_idx aos-init\" data-aos=\"fade-up\" data-aos-duration=\"1200\">1<\/h3>\n                                                                    <p class=\"aos-init\" data-aos=\"fade-up\" data-aos-duration=\"1200\" data-aos-delay=\"900\">EBC retourne les taux de change et frais de transaction \u2013 prix forfaitaire ou majoration selon vos exigences<\/p>\n                                            <div class=\"icon aos-init\" data-aos=\"fade-up\" data-aos-duration=\"1200\" data-aos-delay=\"900\"><img decoding=\"async\" src=\"https:\/\/ebc.paulainc.ca\/wp-content\/uploads\/2023\/11\/Calculator-icon.svg\" alt=\"\"><\/div>\n                    <\/div>\n\n                                        <div class=\"step aos-init\" data-aos=\"fade-up\" data-aos-duration=\"1200\">\n                      <h3 class=\"row_idx aos-init\" data-aos=\"fade-up\" data-aos-duration=\"1200\">2<\/h3>\n                                                                    <p class=\"aos-init\" data-aos=\"fade-up\" data-aos-duration=\"1200\" data-aos-delay=\"900\">Validation par API des instructions de paiement par souci d\u2019exhaustivit\u00e9 et de commodit\u00e9 pour l\u2019utilisateur<\/p>\n                                            <div class=\"icon aos-init\" data-aos=\"fade-up\" data-aos-duration=\"1200\" data-aos-delay=\"900\"><img decoding=\"async\" src=\"https:\/\/ebc.paulainc.ca\/wp-content\/uploads\/2023\/11\/check-mark-icon.svg\" alt=\"\"><\/div>\n                    <\/div>\n\n                                        <div class=\"step aos-init\" data-aos=\"fade-up\" data-aos-duration=\"1200\">\n                      <h3 class=\"row_idx aos-init\" data-aos=\"fade-up\" data-aos-duration=\"1200\">3<\/h3>\n                                                                    <p class=\"aos-init\" data-aos=\"fade-up\" data-aos-duration=\"1200\" data-aos-delay=\"900\">L\u2019API d\u2019EBC fournit l\u2019\u00e9tat des paiements en tirant parti du suivi des paiements, y compris du service SWIFT gpi<\/p>\n                                            <div class=\"icon aos-init\" data-aos=\"fade-up\" data-aos-duration=\"1200\" data-aos-delay=\"900\"><img decoding=\"async\" src=\"https:\/\/ebc.paulainc.ca\/wp-content\/uploads\/2023\/11\/Monitor-icon.svg\" alt=\"\"><\/div>\n                    <\/div>\n\n                                    <\/div>\n                              <\/div>\n            \n          <\/div>\n    <\/div>\n<\/div>\n\n\n\n\n<div class=\"wp-block-group\"><div class=\"wp-block-group__inner-container is-layout-constrained wp-block-group-is-layout-constrained\">\n<h2 class=\"wp-block-heading title-section\">Pourquoi choisir la solution PaaS d\u2019EBC?<\/h2>\n\n\n  <div id=\"htabs-block_20cbc09748ae3ba7e4f764c9b39534e9\" class=\"htabs\">\n\n      <ul class=\"htabs-name d-flex\">\n                  <li data-tab=\"htab-1\">Banque de l\u2019annexe 1\n<\/li>\n                  <li data-tab=\"htab-2\">API REST\n<\/li>\n                  <li data-tab=\"htab-3\">Conforme au SOC 2 Type II\n<\/li>\n              <\/ul>\n\n      <div class=\"htabs-wrapper\">\n\n        <div class=\"htabs-content\">\n                      <div id=\"htab-1\" class=\"htab d-none\">\n              <ul>\n<li><span class=\"comment_message--boldStyle--4eiNG\"><strong>Banque de l\u2019annexe 1<\/strong>.<br \/>\n<\/span><span class=\"\">EBC est r\u00e9gie par la Loi sur les banques f\u00e9d\u00e9rales et supervis\u00e9e par les principaux organismes de r\u00e9glementation bancaire du Canada, soit le Bureau du surintendant des institutions financi\u00e8res (BSIF) et l\u2019Agence de la consommation en mati\u00e8re financi\u00e8re du Canada (ACFC). Soyez assur\u00e9s que vos clients et leurs paiements sont en s\u00e9curit\u00e9 avec nous.<\/span><\/li>\n<\/ul>\n            <\/div>\n                      <div id=\"htab-2\" class=\"htab d-none\">\n              <ul>\n<li><span class=\"\"><b>Utilisez notre bo\u00eete \u00e0 outils<\/b><br \/>\nLa bo\u00eete \u00e0 outils d\u2019EBC comprend un ensemble d\u2019API RESTful. Notre \u00e9quipe de d\u00e9veloppement chevronn\u00e9e vous appuiera tout au long du processus et assurera une int\u00e9gration harmonieuse.<\/span><\/li>\n<\/ul>\n            <\/div>\n                      <div id=\"htab-3\" class=\"htab d-none\">\n              <ul>\n<li><b>Conformit\u00e9 et certification en mati\u00e8re de s\u00e9curit\u00e9<\/b><br \/>\n<span style=\"font-weight: 400;\">La suite logicielle d\u2019EBC repose sur la s\u00e9curit\u00e9 et la conformit\u00e9. Pour en savoir plus, visitez notre page Conformit\u00e9 et s\u00e9curit\u00e9.<\/span><\/li>\n<\/ul>\n            <\/div>\n          \n        <\/div>\n\n                  <div class=\"htabs-img\">\n            <img decoding=\"async\" src=\"https:\/\/ebc.paulainc.ca\/wp-content\/uploads\/2023\/11\/01.jpg\" alt=\"Nos services\">\n          <\/div>\n              <\/div>\n\n      <div class=\"mob-htabs-wrapper\">\n\n                    <div class=\"mob-htabs-content\">\n            <div class=\"htab-title\"><h3 class=\"mb-0\">Banque de l\u2019annexe 1<\/h3><\/div>\n            <div class=\"htab d-none\">\n              <ul>\n<li><span class=\"comment_message--boldStyle--4eiNG\"><strong>Banque de l\u2019annexe 1<\/strong>.<br \/>\n<\/span><span class=\"\">EBC est r\u00e9gie par la Loi sur les banques f\u00e9d\u00e9rales et supervis\u00e9e par les principaux organismes de r\u00e9glementation bancaire du Canada, soit le Bureau du surintendant des institutions financi\u00e8res (BSIF) et l\u2019Agence de la consommation en mati\u00e8re financi\u00e8re du Canada (ACFC). Soyez assur\u00e9s que vos clients et leurs paiements sont en s\u00e9curit\u00e9 avec nous.<\/span><\/li>\n<\/ul>\n            <\/div>\n          <\/div>\n                    <div class=\"mob-htabs-content\">\n            <div class=\"htab-title\"><h3 class=\"mb-0\">API REST<\/h3><\/div>\n            <div class=\"htab d-none\">\n              <ul>\n<li><span class=\"\"><b>Utilisez notre bo\u00eete \u00e0 outils<\/b><br \/>\nLa bo\u00eete \u00e0 outils d\u2019EBC comprend un ensemble d\u2019API RESTful. Notre \u00e9quipe de d\u00e9veloppement chevronn\u00e9e vous appuiera tout au long du processus et assurera une int\u00e9gration harmonieuse.<\/span><\/li>\n<\/ul>\n            <\/div>\n          <\/div>\n                    <div class=\"mob-htabs-content\">\n            <div class=\"htab-title\"><h3 class=\"mb-0\">Conforme au SOC 2 Type II<\/h3><\/div>\n            <div class=\"htab d-none\">\n              <ul>\n<li><b>Conformit\u00e9 et certification en mati\u00e8re de s\u00e9curit\u00e9<\/b><br \/>\n<span style=\"font-weight: 400;\">La suite logicielle d\u2019EBC repose sur la s\u00e9curit\u00e9 et la conformit\u00e9. Pour en savoir plus, visitez notre page Conformit\u00e9 et s\u00e9curit\u00e9.<\/span><\/li>\n<\/ul>\n            <\/div>\n          <\/div>\n          \n      <\/div>\n\n  <\/div>\n<\/div><\/div>\n\n\n\n<div class=\"wp-block-group contact-us pt-0 pb-0\"><div class=\"wp-block-group__inner-container is-layout-constrained wp-block-group-is-layout-constrained\">\n<div class=\"wp-block-media-text has-media-on-the-right is-stacked-on-mobile\"><div class=\"wp-block-media-text__content\">\n<h2 class=\"wp-block-heading\">Activez votre plateforme de paiement maintenant<\/h2>\n\n\n\n<p>Voyons comment nous pouvons vous aider \u00e0 ajouter les paiements internationaux \u00e0 votre offre.<\/p>\n\n\n\n<div class=\"wp-block-buttons mt-4 is-layout-flex wp-block-buttons-is-layout-flex\">\n<div class=\"wp-block-button\"><a class=\"wp-block-button__link wp-element-button\" href=\"\/fr\/nous-contacter\/\">Nous contacter<\/a><\/div>\n<\/div>\n<\/div><figure class=\"wp-block-media-text__media\"><img loading=\"lazy\" decoding=\"async\" width=\"552\" height=\"466\" src=\"http:\/\/ebc.paulainc.ca\/wp-content\/uploads\/2023\/12\/attachment.png\" alt=\"\" class=\"wp-image-1201 size-full\" srcset=\"https:\/\/ebc.paulainc.ca\/wp-content\/uploads\/2023\/12\/attachment.png 552w, https:\/\/ebc.paulainc.ca\/wp-content\/uploads\/2023\/12\/attachment-300x253.png 300w\" sizes=\"auto, (max-width: 552px) 100vw, 552px\" \/><\/figure><\/div>\n<\/div><\/div>","protected":false},"excerpt":{"rendered":"<p>Our PaaS Solution Why EBC\u2019s PaaS Empower Your Payment Platform Now Let&#8217;s explore how we can help you add international payments to your offering<\/p>","protected":false},"author":2,"featured_media":1482,"parent":1402,"menu_order":0,"comment_status":"closed","ping_status":"closed","template":"","meta":{"_acf_changed":false,"inline_featured_image":false,"footnotes":""},"class_list":["post-66","page","type-page","status-publish","has-post-thumbnail","hentry"],"acf":[],"yoast_head":"<!-- This site is optimized with the Yoast SEO plugin v25.3 - https:\/\/yoast.com\/wordpress\/plugins\/seo\/ -->\n<title>Payments-as-a-Service - EBC<\/title>\n<meta name=\"robots\" content=\"noindex, follow, max-snippet:-1, max-image-preview:large, max-video-preview:-1\" \/>\n<meta property=\"og:locale\" content=\"fr_CA\" \/>\n<meta property=\"og:type\" content=\"article\" \/>\n<meta property=\"og:title\" content=\"Payments-as-a-Service - EBC\" \/>\n<meta property=\"og:description\" content=\"Our PaaS Solution Why EBC\u2019s PaaS Empower Your Payment Platform Now Let&#8217;s explore how we can help you add international payments to your offering\" \/>\n<meta property=\"og:url\" content=\"https:\/\/ebc.paulainc.ca\/fr\/paiements\/paiements-en-tant-que-service\/\" \/>\n<meta property=\"og:site_name\" content=\"EBC\" \/>\n<meta property=\"article:modified_time\" content=\"2024-04-17T18:49:39+00:00\" \/>\n<meta property=\"og:image\" content=\"https:\/\/ebc.paulainc.ca\/wp-content\/uploads\/2021\/08\/Insights-cover-image-1-1024x731.png\" \/>\n\t<meta property=\"og:image:width\" content=\"1024\" \/>\n\t<meta property=\"og:image:height\" content=\"731\" \/>\n\t<meta property=\"og:image:type\" content=\"image\/png\" \/>\n<meta name=\"twitter:card\" content=\"summary_large_image\" \/>\n<meta name=\"twitter:label1\" content=\"Est. reading time\" \/>\n\t<meta name=\"twitter:data1\" content=\"1 minute\" \/>\n<script type=\"application\/ld+json\" class=\"yoast-schema-graph\">{\"@context\":\"https:\/\/schema.org\",\"@graph\":[{\"@type\":\"WebPage\",\"@id\":\"https:\/\/ebc.paulainc.ca\/en\/payments\/payments-as-a-service\/\",\"url\":\"https:\/\/ebc.paulainc.ca\/en\/payments\/payments-as-a-service\/\",\"name\":\"Payments-as-a-Service - EBC\",\"isPartOf\":{\"@id\":\"https:\/\/ebc.paulainc.ca\/en\/#website\"},\"primaryImageOfPage\":{\"@id\":\"https:\/\/ebc.paulainc.ca\/en\/payments\/payments-as-a-service\/#primaryimage\"},\"image\":{\"@id\":\"https:\/\/ebc.paulainc.ca\/en\/payments\/payments-as-a-service\/#primaryimage\"},\"thumbnailUrl\":\"https:\/\/ebc.paulainc.ca\/wp-content\/uploads\/2024\/01\/payment-as-a-service-Picture-banner-replace.jpg\",\"datePublished\":\"2023-10-30T08:50:53+00:00\",\"dateModified\":\"2024-04-17T18:49:39+00:00\",\"breadcrumb\":{\"@id\":\"https:\/\/ebc.paulainc.ca\/en\/payments\/payments-as-a-service\/#breadcrumb\"},\"inLanguage\":\"fr-CA\",\"potentialAction\":[{\"@type\":\"ReadAction\",\"target\":[\"https:\/\/ebc.paulainc.ca\/en\/payments\/payments-as-a-service\/\"]}]},{\"@type\":\"ImageObject\",\"inLanguage\":\"fr-CA\",\"@id\":\"https:\/\/ebc.paulainc.ca\/en\/payments\/payments-as-a-service\/#primaryimage\",\"url\":\"https:\/\/ebc.paulainc.ca\/wp-content\/uploads\/2024\/01\/payment-as-a-service-Picture-banner-replace.jpg\",\"contentUrl\":\"https:\/\/ebc.paulainc.ca\/wp-content\/uploads\/2024\/01\/payment-as-a-service-Picture-banner-replace.jpg\",\"width\":1200,\"height\":624},{\"@type\":\"BreadcrumbList\",\"@id\":\"https:\/\/ebc.paulainc.ca\/en\/payments\/payments-as-a-service\/#breadcrumb\",\"itemListElement\":[{\"@type\":\"ListItem\",\"position\":1,\"name\":\"Home\",\"item\":\"https:\/\/ebc.paulainc.ca\/en\/\"},{\"@type\":\"ListItem\",\"position\":2,\"name\":\"Payments\",\"item\":\"https:\/\/ebc.paulainc.ca\/en\/payments\/\"},{\"@type\":\"ListItem\",\"position\":3,\"name\":\"Payments-as-a-Service\"}]},{\"@type\":\"WebSite\",\"@id\":\"https:\/\/ebc.paulainc.ca\/en\/#website\",\"url\":\"https:\/\/ebc.paulainc.ca\/en\/\",\"name\":\"EBC\",\"description\":\"\",\"potentialAction\":[{\"@type\":\"SearchAction\",\"target\":{\"@type\":\"EntryPoint\",\"urlTemplate\":\"https:\/\/ebc.paulainc.ca\/en\/?s={search_term_string}\"},\"query-input\":{\"@type\":\"PropertyValueSpecification\",\"valueRequired\":true,\"valueName\":\"search_term_string\"}}],\"inLanguage\":\"fr-CA\"}]}<\/script>\n<!-- \/ Yoast SEO plugin. -->","yoast_head_json":{"title":"Payments-as-a-Service - EBC","robots":{"index":"noindex","follow":"follow","max-snippet":"max-snippet:-1","max-image-preview":"max-image-preview:large","max-video-preview":"max-video-preview:-1"},"og_locale":"fr_CA","og_type":"article","og_title":"Payments-as-a-Service - EBC","og_description":"Our PaaS Solution Why EBC\u2019s PaaS Empower Your Payment Platform Now Let&#8217;s explore how we can help you add international payments to your offering","og_url":"https:\/\/ebc.paulainc.ca\/fr\/paiements\/paiements-en-tant-que-service\/","og_site_name":"EBC","article_modified_time":"2024-04-17T18:49:39+00:00","og_image":[{"width":1024,"height":731,"url":"https:\/\/ebc.paulainc.ca\/wp-content\/uploads\/2021\/08\/Insights-cover-image-1-1024x731.png","type":"image\/png"}],"twitter_card":"summary_large_image","twitter_misc":{"Est. reading time":"1 minute"},"schema":{"@context":"https:\/\/schema.org","@graph":[{"@type":"WebPage","@id":"https:\/\/ebc.paulainc.ca\/en\/payments\/payments-as-a-service\/","url":"https:\/\/ebc.paulainc.ca\/en\/payments\/payments-as-a-service\/","name":"Payments-as-a-Service - EBC","isPartOf":{"@id":"https:\/\/ebc.paulainc.ca\/en\/#website"},"primaryImageOfPage":{"@id":"https:\/\/ebc.paulainc.ca\/en\/payments\/payments-as-a-service\/#primaryimage"},"image":{"@id":"https:\/\/ebc.paulainc.ca\/en\/payments\/payments-as-a-service\/#primaryimage"},"thumbnailUrl":"https:\/\/ebc.paulainc.ca\/wp-content\/uploads\/2024\/01\/payment-as-a-service-Picture-banner-replace.jpg","datePublished":"2023-10-30T08:50:53+00:00","dateModified":"2024-04-17T18:49:39+00:00","breadcrumb":{"@id":"https:\/\/ebc.paulainc.ca\/en\/payments\/payments-as-a-service\/#breadcrumb"},"inLanguage":"fr-CA","potentialAction":[{"@type":"ReadAction","target":["https:\/\/ebc.paulainc.ca\/en\/payments\/payments-as-a-service\/"]}]},{"@type":"ImageObject","inLanguage":"fr-CA","@id":"https:\/\/ebc.paulainc.ca\/en\/payments\/payments-as-a-service\/#primaryimage","url":"https:\/\/ebc.paulainc.ca\/wp-content\/uploads\/2024\/01\/payment-as-a-service-Picture-banner-replace.jpg","contentUrl":"https:\/\/ebc.paulainc.ca\/wp-content\/uploads\/2024\/01\/payment-as-a-service-Picture-banner-replace.jpg","width":1200,"height":624},{"@type":"BreadcrumbList","@id":"https:\/\/ebc.paulainc.ca\/en\/payments\/payments-as-a-service\/#breadcrumb","itemListElement":[{"@type":"ListItem","position":1,"name":"Home","item":"https:\/\/ebc.paulainc.ca\/en\/"},{"@type":"ListItem","position":2,"name":"Payments","item":"https:\/\/ebc.paulainc.ca\/en\/payments\/"},{"@type":"ListItem","position":3,"name":"Payments-as-a-Service"}]},{"@type":"WebSite","@id":"https:\/\/ebc.paulainc.ca\/en\/#website","url":"https:\/\/ebc.paulainc.ca\/en\/","name":"EBC","description":"","potentialAction":[{"@type":"SearchAction","target":{"@type":"EntryPoint","urlTemplate":"https:\/\/ebc.paulainc.ca\/en\/?s={search_term_string}"},"query-input":{"@type":"PropertyValueSpecification","valueRequired":true,"valueName":"search_term_string"}}],"inLanguage":"fr-CA"}]}},"_links":{"self":[{"href":"https:\/\/ebc.paulainc.ca\/fr\/wp-json\/wp\/v2\/pages\/66","targetHints":{"allow":["GET"]}}],"collection":[{"href":"https:\/\/ebc.paulainc.ca\/fr\/wp-json\/wp\/v2\/pages"}],"about":[{"href":"https:\/\/ebc.paulainc.ca\/fr\/wp-json\/wp\/v2\/types\/page"}],"author":[{"embeddable":true,"href":"https:\/\/ebc.paulainc.ca\/fr\/wp-json\/wp\/v2\/users\/2"}],"replies":[{"embeddable":true,"href":"https:\/\/ebc.paulainc.ca\/fr\/wp-json\/wp\/v2\/comments?post=66"}],"version-history":[{"count":50,"href":"https:\/\/ebc.paulainc.ca\/fr\/wp-json\/wp\/v2\/pages\/66\/revisions"}],"predecessor-version":[{"id":1706,"href":"https:\/\/ebc.paulainc.ca\/fr\/wp-json\/wp\/v2\/pages\/66\/revisions\/1706"}],"up":[{"embeddable":true,"href":"https:\/\/ebc.paulainc.ca\/fr\/wp-json\/wp\/v2\/pages\/1402"}],"wp:featuredmedia":[{"embeddable":true,"href":"https:\/\/ebc.paulainc.ca\/fr\/wp-json\/wp\/v2\/media\/1482"}],"wp:attachment":[{"href":"https:\/\/ebc.paulainc.ca\/fr\/wp-json\/wp\/v2\/media?parent=66"}],"curies":[{"name":"wp","href":"https:\/\/api.w.org\/{rel}","templated":true}]}}