{"id":68,"date":"2023-10-30T08:51:24","date_gmt":"2023-10-30T08:51:24","guid":{"rendered":"http:\/\/ebc.paulainc.ca\/?page_id=68"},"modified":"2024-04-17T19:39:09","modified_gmt":"2024-04-17T19:39:09","slug":"about","status":"publish","type":"page","link":"https:\/\/ebc.paulainc.ca\/fr\/a-propos-de\/","title":{"rendered":"Qui sommes nous?"},"content":{"rendered":"<div class=\"wp-block-group\"><div class=\"wp-block-group__inner-container is-layout-constrained wp-block-group-is-layout-constrained\">\n<h2 class=\"wp-block-heading title-section\">Banque de change du Canada<\/h2>\n\n\n\n<p class=\"maxw-870\">Nous nous sp\u00e9cialisons dans les services de change de devises \u00e9trang\u00e8res et de paiements internationaux, lesquels sont destin\u00e9s aux institutions financi\u00e8res et aux entreprises. Ces services comprennent le change de billets de banque \u00e9trangers, la couverture de devises \u00e9trang\u00e8res, les transferts \u00e9lectroniques de fonds \u00e0 l\u2019\u00e9chelle nationale et \u00e0 l\u2019\u00e9chelle mondiale, ainsi que les virements internationaux.<\/p>\n\n\n\n<p class=\"maxw-870 mb-0\">La Banque de change du Canada (EBC) est une banque de l\u2019annexe I qui a son si\u00e8ge \u00e0 Toronto, au Canada. Nous appartenons enti\u00e8rement \u00e0 Currency Exchange International Corp. (CXI), chef de file en services de change en Am\u00e9rique du Nord. CXI est une soci\u00e9t\u00e9 cot\u00e9e et inscrite \u00e0 la Bourse de Toronto (TSE: CXI) et \u00e0 l\u2019OTCBB (OTCMKTS : CURN).<\/p>\n<\/div><\/div>\n\n\n\n<div class=\"wp-block-group group-counter has-white-background-color has-background\"><div class=\"wp-block-group__inner-container is-layout-constrained wp-block-group-is-layout-constrained\">\n<div class=\"wp-block-columns maxw-1120 mx-auto mb-0 is-layout-flex wp-container-core-columns-is-layout-9d6595d7 wp-block-columns-is-layout-flex\">\n<div class=\"wp-block-column is-layout-flow wp-block-column-is-layout-flow\">\n\n<div id=\"counter-block_bc92eda730f5f3ff03ff0069267c407d\" class=\"counter\">\n\t\t<h2>$<span class=\"countUp\">13<\/span>Md<\/h2>\n    <p class=\"mb-0\">Transactions annuelles<\/p>\n<\/div>\n\n\n<\/div>\n\n\n\n<div class=\"wp-block-column is-layout-flow wp-block-column-is-layout-flow\">\n\n<div id=\"counter-block_3afa62e728feb78b5ddc8902a049873b\" class=\"counter\">\n\t\t<h2><span class=\"countUp\">1300<\/span>+<\/h2>\n    <p class=\"mb-0\">Clients \u00e0 l\u2019\u00e9chelle mondiale<\/p>\n<\/div>\n\n\n<\/div>\n\n\n\n<div class=\"wp-block-column is-layout-flow wp-block-column-is-layout-flow\">\n\n<div id=\"counter-block_663d4c4c8f7a5ffa4a756bf124f23b89\" class=\"counter\">\n\t\t<h2><span class=\"countUp\">80<\/span>+<\/h2>\n    <p class=\"mb-0\">Devises<\/p>\n<\/div>\n\n\n<\/div>\n\n\n\n<div class=\"wp-block-column is-layout-flow wp-block-column-is-layout-flow\">\n\n<div id=\"counter-block_331bf04e6b8e2527b6febbc81d399549\" class=\"counter\">\n\t\t<h2><span class=\"countUp\">170<\/span>+<\/h2>\n    <p class=\"mb-0\">Pays<\/p>\n<\/div>\n\n\n<\/div>\n<\/div>\n<\/div><\/div>\n\n\n\n<div class=\"wp-block-group\"><div class=\"wp-block-group__inner-container is-layout-constrained wp-block-group-is-layout-constrained\">\n<h2 class=\"wp-block-heading title-section\">Nos services<\/h2>\n\n\n<div id=\"services-block_fe34738fd85062f893edc3da8a19be8f\" class=\"services d-flex\">\n\n\t\t\t\t<div class=\"service aos-init\" data-aos=\"fade-up\" data-aos-duration=\"600\" data-aos-delay=\"300\">\n\t\t\t<div class=\"service_title d-flex\">\n\t\t\t\t<h3 class=\"mb-0\">Distribution de billets de banque en gros <\/h3>\n\t\t\t<\/div>\n\t\t\t<div class=\"service_text\">\n\t\t\t\t<p class=\"mb-0\">Au service des institutions financi\u00e8res nationales et internationales. Nous achetons et vendons des billets de banque sp\u00e9cialis\u00e9s en devises nord-am\u00e9ricaines.\u00a0<\/p>\n\t\t\t<\/div>\n\t\t\t<div class=\"service-links d-flex\">\n\t\t\t\t<a href=\"\/fr\/billets-de-banque\/\" target=\"_self\">En savoir plus<\/a>\n\t\t\t\t\t\t\t<\/div>\n\t\t<\/div>\n\n\t\t\t\t<div class=\"service aos-init\" data-aos=\"fade-up\" data-aos-duration=\"600\" data-aos-delay=\"300\">\n\t\t\t<div class=\"service_title d-flex\">\n\t\t\t\t<h3 class=\"mb-0\">Paiements internationaux<\/h3>\n\t\t\t<\/div>\n\t\t\t<div class=\"service_text\">\n\t\t\t\t<p class=\"mb-0\">Envoyez et recevez des paiements transfrontaliers en toute s\u00e9curit\u00e9. Nous sommes fiers de servir les entreprises et les institutions financi\u00e8res canadiennes.\u00a0<\/p>\n\t\t\t<\/div>\n\t\t\t<div class=\"service-links d-flex\">\n\t\t\t\t<a href=\"\/fr\/les-institutions-financieres\/\" target=\"_self\">Institutions Financi\u00e8res<\/a>\n\t\t\t\t\t\t\t\t\t<a href=\"\/fr\/paiements-internationaux\/\" target=\"_self\">Entreprises<\/a>\n\t\t\t\t\t\t\t<\/div>\n\t\t<\/div>\n\n\t\t\t\t<div class=\"service aos-init\" data-aos=\"fade-up\" data-aos-duration=\"600\" data-aos-delay=\"300\">\n\t\t\t<div class=\"service_title d-flex\">\n\t\t\t\t<h3 class=\"mb-0\">Paiements en tant que service<\/h3>\n\t\t\t<\/div>\n\t\t\t<div class=\"service_text\">\n\t\t\t\t<p class=\"mb-0\">Int\u00e9grez les paiements transfrontaliers \u00e0 votre plateforme bancaire gr\u00e2ce \u00e0 la suite d\u2019API robuste et simple d\u2019EBC.<\/p>\n\t\t\t<\/div>\n\t\t\t<div class=\"service-links d-flex\">\n\t\t\t\t<a href=\"\/fr\/paiements-en-tant-que-service\/\" target=\"_self\">En savoir plus<\/a>\n\t\t\t\t\t\t\t<\/div>\n\t\t<\/div>\n\n\t\t<\/div>\n\n<\/div><\/div>\n\n\n\n<div class=\"wp-block-cover\"><span aria-hidden=\"true\" class=\"wp-block-cover__background has-background-dim-0 has-background-dim\"><\/span><img loading=\"lazy\" decoding=\"async\" width=\"1920\" height=\"780\" class=\"wp-block-cover__image-background wp-image-898\" alt=\"\" src=\"http:\/\/ebc.paulainc.ca\/wp-content\/uploads\/2023\/11\/c085c9d9447c54bf3423ed2b4af72f2e.jpg\" data-object-fit=\"cover\" srcset=\"https:\/\/ebc.paulainc.ca\/wp-content\/uploads\/2023\/11\/c085c9d9447c54bf3423ed2b4af72f2e.jpg 1920w, https:\/\/ebc.paulainc.ca\/wp-content\/uploads\/2023\/11\/c085c9d9447c54bf3423ed2b4af72f2e-300x122.jpg 300w, https:\/\/ebc.paulainc.ca\/wp-content\/uploads\/2023\/11\/c085c9d9447c54bf3423ed2b4af72f2e-1024x416.jpg 1024w, https:\/\/ebc.paulainc.ca\/wp-content\/uploads\/2023\/11\/c085c9d9447c54bf3423ed2b4af72f2e-768x312.jpg 768w, https:\/\/ebc.paulainc.ca\/wp-content\/uploads\/2023\/11\/c085c9d9447c54bf3423ed2b4af72f2e-1536x624.jpg 1536w\" sizes=\"auto, (max-width: 1920px) 100vw, 1920px\" \/><div class=\"wp-block-cover__inner-container is-layout-constrained wp-block-cover-is-layout-constrained\">\n<h2 class=\"wp-block-heading has-text-align-left title-section title-light\">Notre \u00e9volution<\/h2>\n\n\n  <div id=\"period-block_4f8e92e0b498ea49d06c5f20b7885eb5\" class=\"period\">\n\n    <ul class=\"items-name d-flex\">\n              <li data-item=\"item-1\">2011<\/li>\n              <li data-item=\"item-2\">2012<\/li>\n              <li data-item=\"item-3\">2016<\/li>\n              <li data-item=\"item-4\">2017<\/li>\n              <li data-item=\"item-5\">2019<\/li>\n              <li data-item=\"item-6\">2021<\/li>\n              <li data-item=\"item-7\">2023<\/li>\n          <\/ul>\n\n    <div class=\"items-content\">\n                  <div id=\"item-1\" class=\"item d-none\">\n            <div class=\"d-flex align-items-center\">\n              <div class=\"description\"><p><span class=\"\">La Banque de change du Canada ouvre ses portes sous le nom de Currency Exchange International of Canada Corp. et \u00e9tablit sa chambre forte \u00e0 Toronto.<\/span><\/p>\n<\/div>\n              <div class=\"year\">2011<\/div>\n            <\/div>\n          <\/div>\n                  <div id=\"item-2\" class=\"item d-none\">\n            <div class=\"d-flex align-items-center\">\n              <div class=\"description\"><p>CXI Canada d\u00e9pose une demande pour continuer ses activit\u00e9s sous le nom de Exchange Bank of Canada en anglais et Banque de change du Canada en fran\u00e7ais, une nouvelle banque de l\u2019annexe 1 au Canada.<\/p>\n<p>La soci\u00e9t\u00e9 m\u00e8re de CXI Canada, CXI, effectue son premier appel public \u00e0 l\u2019\u00e9pargne \u00e0 la Bourse de Toronto (TSX).<\/p>\n<\/div>\n              <div class=\"year\">2012<\/div>\n            <\/div>\n          <\/div>\n                  <div id=\"item-3\" class=\"item d-none\">\n            <div class=\"d-flex align-items-center\">\n              <div class=\"description\"><p><span class=\"\">Le ministre des Finances approuve la continuation de la Currency Exchange International of Canada Corp. Renomm\u00e9e Exchange Bank of Canada en anglais et Banque de change du Canada en fran\u00e7ais.<\/span><\/p>\n<\/div>\n              <div class=\"year\">2016<\/div>\n            <\/div>\n          <\/div>\n                  <div id=\"item-4\" class=\"item d-none\">\n            <div class=\"d-flex align-items-center\">\n              <div class=\"description\"><p><span class=\"\">EBC se joint \u00e0 SWIFT pour \u00e9tendre ses capacit\u00e9s en mati\u00e8re de paiement \u00e0 l\u2019international. Le r\u00e9seau SWIFT est le premier fournisseur mondial de services de messagerie financi\u00e8re s\u00e9curis\u00e9e et compte plus de 10 800 institutions financi\u00e8res membres dans le monde. <\/span><\/p>\n<p><span class=\"\">Le comptoir de n\u00e9gociation des op\u00e9rations de change d\u2019EBC ouvre ses portes \u00e0 Toronto, \u00e0 l\u2019appui des n\u00e9gociations en direct et des analyses de march\u00e9.<\/span><\/p>\n<\/div>\n              <div class=\"year\">2017<\/div>\n            <\/div>\n          <\/div>\n                  <div id=\"item-5\" class=\"item d-none\">\n            <div class=\"d-flex align-items-center\">\n              <div class=\"description\"><p><span class=\"\">Le bureau d\u2019EBC de Montr\u00e9al ouvre ses portes pour offrir un service efficace aux clients locaux au Qu\u00e9bec.<\/span><\/p>\n<\/div>\n              <div class=\"year\">2019<\/div>\n            <\/div>\n          <\/div>\n                  <div id=\"item-6\" class=\"item d-none\">\n            <div class=\"d-flex align-items-center\">\n              <div class=\"description\"><p><span class=\"\">EBC est la premi\u00e8re et la seule banque canadienne autoris\u00e9e \u00e0 participer au programme Foreign Bank International Cash Services (FBICS) de la R\u00e9serve f\u00e9d\u00e9rale.<\/span><\/p>\n<\/div>\n              <div class=\"year\">2021<\/div>\n            <\/div>\n          <\/div>\n                  <div id=\"item-7\" class=\"item d-none\">\n            <div class=\"d-flex align-items-center\">\n              <div class=\"description\"><p>EBC \u00e9tablit sa chambre forte de Montr\u00e9al pour mieux servir les institutions financi\u00e8res au Qu\u00e9bec.<\/p>\n<\/div>\n              <div class=\"year\">2023<\/div>\n            <\/div>\n          <\/div>\n            <\/div>\n\n    <div class=\"mob-items-content d-none\">\n                  <div class=\"item\">\n              <div class=\"item-title\">2011<\/div>\n              <div class=\"description d-none\"><p><span class=\"\">La Banque de change du Canada ouvre ses portes sous le nom de Currency Exchange International of Canada Corp. et \u00e9tablit sa chambre forte \u00e0 Toronto.<\/span><\/p>\n<\/div>\n          <\/div>\n                  <div class=\"item\">\n              <div class=\"item-title\">2012<\/div>\n              <div class=\"description d-none\"><p>CXI Canada d\u00e9pose une demande pour continuer ses activit\u00e9s sous le nom de Exchange Bank of Canada en anglais et Banque de change du Canada en fran\u00e7ais, une nouvelle banque de l\u2019annexe 1 au Canada.<\/p>\n<p>La soci\u00e9t\u00e9 m\u00e8re de CXI Canada, CXI, effectue son premier appel public \u00e0 l\u2019\u00e9pargne \u00e0 la Bourse de Toronto (TSX).<\/p>\n<\/div>\n          <\/div>\n                  <div class=\"item\">\n              <div class=\"item-title\">2016<\/div>\n              <div class=\"description d-none\"><p><span class=\"\">Le ministre des Finances approuve la continuation de la Currency Exchange International of Canada Corp. Renomm\u00e9e Exchange Bank of Canada en anglais et Banque de change du Canada en fran\u00e7ais.<\/span><\/p>\n<\/div>\n          <\/div>\n                  <div class=\"item\">\n              <div class=\"item-title\">2017<\/div>\n              <div class=\"description d-none\"><p><span class=\"\">EBC se joint \u00e0 SWIFT pour \u00e9tendre ses capacit\u00e9s en mati\u00e8re de paiement \u00e0 l\u2019international. Le r\u00e9seau SWIFT est le premier fournisseur mondial de services de messagerie financi\u00e8re s\u00e9curis\u00e9e et compte plus de 10 800 institutions financi\u00e8res membres dans le monde. <\/span><\/p>\n<p><span class=\"\">Le comptoir de n\u00e9gociation des op\u00e9rations de change d\u2019EBC ouvre ses portes \u00e0 Toronto, \u00e0 l\u2019appui des n\u00e9gociations en direct et des analyses de march\u00e9.<\/span><\/p>\n<\/div>\n          <\/div>\n                  <div class=\"item\">\n              <div class=\"item-title\">2019<\/div>\n              <div class=\"description d-none\"><p><span class=\"\">Le bureau d\u2019EBC de Montr\u00e9al ouvre ses portes pour offrir un service efficace aux clients locaux au Qu\u00e9bec.<\/span><\/p>\n<\/div>\n          <\/div>\n                  <div class=\"item\">\n              <div class=\"item-title\">2021<\/div>\n              <div class=\"description d-none\"><p><span class=\"\">EBC est la premi\u00e8re et la seule banque canadienne autoris\u00e9e \u00e0 participer au programme Foreign Bank International Cash Services (FBICS) de la R\u00e9serve f\u00e9d\u00e9rale.<\/span><\/p>\n<\/div>\n          <\/div>\n                  <div class=\"item\">\n              <div class=\"item-title\">2023<\/div>\n              <div class=\"description d-none\"><p>EBC \u00e9tablit sa chambre forte de Montr\u00e9al pour mieux servir les institutions financi\u00e8res au Qu\u00e9bec.<\/p>\n<\/div>\n          <\/div>\n            <\/div>\n  <\/div>\n<\/div><\/div>\n\n\n\n<div style=\"height:90px\" aria-hidden=\"true\" class=\"wp-block-spacer md-none\"><\/div>\n\n\n\n<div class=\"wp-block-group contact-us pt-0 pb-0\"><div class=\"wp-block-group__inner-container is-layout-constrained wp-block-group-is-layout-constrained\">\n<div class=\"wp-block-media-text has-media-on-the-right is-stacked-on-mobile\"><div class=\"wp-block-media-text__content\">\n<h2 class=\"wp-block-heading\">Communiquez avec nous<\/h2>\n\n\n\n<p>Parlez \u00e0 un membre de notre \u00e9quipe de vente de vos besoins en devises<\/p>\n\n\n\n<div class=\"wp-block-buttons mt-4 is-layout-flex wp-block-buttons-is-layout-flex\">\n<div class=\"wp-block-button\"><a class=\"wp-block-button__link wp-element-button\" href=\"\/fr\/nous-contacter\/\">Nous contacter<\/a><\/div>\n<\/div>\n<\/div><figure class=\"wp-block-media-text__media\"><img loading=\"lazy\" decoding=\"async\" width=\"552\" height=\"466\" src=\"http:\/\/ebc.paulainc.ca\/wp-content\/uploads\/2023\/12\/attachment.png\" alt=\"\" class=\"wp-image-1201 size-full\" srcset=\"https:\/\/ebc.paulainc.ca\/wp-content\/uploads\/2023\/12\/attachment.png 552w, https:\/\/ebc.paulainc.ca\/wp-content\/uploads\/2023\/12\/attachment-300x253.png 300w\" sizes=\"auto, (max-width: 552px) 100vw, 552px\" \/><\/figure><\/div>\n<\/div><\/div>","protected":false},"excerpt":{"rendered":"<p>Canada&#8217;s Foreign Exchange Bank We specialize in foreign currency exchange and international payment services to financial institutions and corporations. These services include banknote foreign currency exchange, foreign currency hedging, domestic and global electronic funds transfers, and international wire transfers. Exchange Bank of Canada (EBC) is a Schedule 1 bank headquartered in Toronto, Canada. We are [&hellip;]<\/p>","protected":false},"author":2,"featured_media":1655,"parent":0,"menu_order":0,"comment_status":"closed","ping_status":"closed","template":"","meta":{"_acf_changed":false,"inline_featured_image":false,"footnotes":""},"class_list":["post-68","page","type-page","status-publish","has-post-thumbnail","hentry"],"acf":[],"yoast_head":"<!-- This site is optimized with the Yoast SEO plugin v25.3 - https:\/\/yoast.com\/wordpress\/plugins\/seo\/ -->\n<title>Who We Are - EBC<\/title>\n<meta name=\"robots\" content=\"noindex, follow, max-snippet:-1, max-image-preview:large, max-video-preview:-1\" \/>\n<meta property=\"og:locale\" content=\"fr_CA\" \/>\n<meta property=\"og:type\" content=\"article\" \/>\n<meta property=\"og:title\" content=\"Who We Are - EBC\" \/>\n<meta property=\"og:description\" content=\"Canada&#8217;s Foreign Exchange Bank We specialize in foreign currency exchange and international payment services to financial institutions and corporations. These services include banknote foreign currency exchange, foreign currency hedging, domestic and global electronic funds transfers, and international wire transfers. Exchange Bank of Canada (EBC) is a Schedule 1 bank headquartered in Toronto, Canada. We are [&hellip;]\" \/>\n<meta property=\"og:url\" content=\"https:\/\/ebc.paulainc.ca\/fr\/a-propos-de\/\" \/>\n<meta property=\"og:site_name\" content=\"EBC\" \/>\n<meta property=\"article:modified_time\" content=\"2024-04-17T19:39:09+00:00\" \/>\n<meta property=\"og:image\" content=\"https:\/\/ebc.paulainc.ca\/wp-content\/uploads\/2021\/08\/Insights-cover-image-1-1024x731.png\" \/>\n\t<meta property=\"og:image:width\" content=\"1024\" \/>\n\t<meta property=\"og:image:height\" content=\"731\" \/>\n\t<meta property=\"og:image:type\" content=\"image\/png\" \/>\n<meta name=\"twitter:card\" content=\"summary_large_image\" \/>\n<meta name=\"twitter:label1\" content=\"Est. reading time\" \/>\n\t<meta name=\"twitter:data1\" content=\"2 minutes\" \/>\n<script type=\"application\/ld+json\" class=\"yoast-schema-graph\">{\"@context\":\"https:\/\/schema.org\",\"@graph\":[{\"@type\":\"WebPage\",\"@id\":\"https:\/\/ebc.paulainc.ca\/en\/about\/\",\"url\":\"https:\/\/ebc.paulainc.ca\/en\/about\/\",\"name\":\"Who We Are - EBC\",\"isPartOf\":{\"@id\":\"https:\/\/ebc.paulainc.ca\/en\/#website\"},\"primaryImageOfPage\":{\"@id\":\"https:\/\/ebc.paulainc.ca\/en\/about\/#primaryimage\"},\"image\":{\"@id\":\"https:\/\/ebc.paulainc.ca\/en\/about\/#primaryimage\"},\"thumbnailUrl\":\"https:\/\/ebc.paulainc.ca\/wp-content\/uploads\/2024\/01\/Frame-413.png\",\"datePublished\":\"2023-10-30T08:51:24+00:00\",\"dateModified\":\"2024-04-17T19:39:09+00:00\",\"breadcrumb\":{\"@id\":\"https:\/\/ebc.paulainc.ca\/en\/about\/#breadcrumb\"},\"inLanguage\":\"fr-CA\",\"potentialAction\":[{\"@type\":\"ReadAction\",\"target\":[\"https:\/\/ebc.paulainc.ca\/en\/about\/\"]}]},{\"@type\":\"ImageObject\",\"inLanguage\":\"fr-CA\",\"@id\":\"https:\/\/ebc.paulainc.ca\/en\/about\/#primaryimage\",\"url\":\"https:\/\/ebc.paulainc.ca\/wp-content\/uploads\/2024\/01\/Frame-413.png\",\"contentUrl\":\"https:\/\/ebc.paulainc.ca\/wp-content\/uploads\/2024\/01\/Frame-413.png\",\"width\":1744,\"height\":914},{\"@type\":\"BreadcrumbList\",\"@id\":\"https:\/\/ebc.paulainc.ca\/en\/about\/#breadcrumb\",\"itemListElement\":[{\"@type\":\"ListItem\",\"position\":1,\"name\":\"Home\",\"item\":\"https:\/\/ebc.paulainc.ca\/en\/\"},{\"@type\":\"ListItem\",\"position\":2,\"name\":\"Who We Are\"}]},{\"@type\":\"WebSite\",\"@id\":\"https:\/\/ebc.paulainc.ca\/en\/#website\",\"url\":\"https:\/\/ebc.paulainc.ca\/en\/\",\"name\":\"EBC\",\"description\":\"\",\"potentialAction\":[{\"@type\":\"SearchAction\",\"target\":{\"@type\":\"EntryPoint\",\"urlTemplate\":\"https:\/\/ebc.paulainc.ca\/en\/?s={search_term_string}\"},\"query-input\":{\"@type\":\"PropertyValueSpecification\",\"valueRequired\":true,\"valueName\":\"search_term_string\"}}],\"inLanguage\":\"fr-CA\"}]}<\/script>\n<!-- \/ Yoast SEO plugin. -->","yoast_head_json":{"title":"Who We Are - EBC","robots":{"index":"noindex","follow":"follow","max-snippet":"max-snippet:-1","max-image-preview":"max-image-preview:large","max-video-preview":"max-video-preview:-1"},"og_locale":"fr_CA","og_type":"article","og_title":"Who We Are - EBC","og_description":"Canada&#8217;s Foreign Exchange Bank We specialize in foreign currency exchange and international payment services to financial institutions and corporations. These services include banknote foreign currency exchange, foreign currency hedging, domestic and global electronic funds transfers, and international wire transfers. Exchange Bank of Canada (EBC) is a Schedule 1 bank headquartered in Toronto, Canada. We are [&hellip;]","og_url":"https:\/\/ebc.paulainc.ca\/fr\/a-propos-de\/","og_site_name":"EBC","article_modified_time":"2024-04-17T19:39:09+00:00","og_image":[{"width":1024,"height":731,"url":"https:\/\/ebc.paulainc.ca\/wp-content\/uploads\/2021\/08\/Insights-cover-image-1-1024x731.png","type":"image\/png"}],"twitter_card":"summary_large_image","twitter_misc":{"Est. reading time":"2 minutes"},"schema":{"@context":"https:\/\/schema.org","@graph":[{"@type":"WebPage","@id":"https:\/\/ebc.paulainc.ca\/en\/about\/","url":"https:\/\/ebc.paulainc.ca\/en\/about\/","name":"Who We Are - EBC","isPartOf":{"@id":"https:\/\/ebc.paulainc.ca\/en\/#website"},"primaryImageOfPage":{"@id":"https:\/\/ebc.paulainc.ca\/en\/about\/#primaryimage"},"image":{"@id":"https:\/\/ebc.paulainc.ca\/en\/about\/#primaryimage"},"thumbnailUrl":"https:\/\/ebc.paulainc.ca\/wp-content\/uploads\/2024\/01\/Frame-413.png","datePublished":"2023-10-30T08:51:24+00:00","dateModified":"2024-04-17T19:39:09+00:00","breadcrumb":{"@id":"https:\/\/ebc.paulainc.ca\/en\/about\/#breadcrumb"},"inLanguage":"fr-CA","potentialAction":[{"@type":"ReadAction","target":["https:\/\/ebc.paulainc.ca\/en\/about\/"]}]},{"@type":"ImageObject","inLanguage":"fr-CA","@id":"https:\/\/ebc.paulainc.ca\/en\/about\/#primaryimage","url":"https:\/\/ebc.paulainc.ca\/wp-content\/uploads\/2024\/01\/Frame-413.png","contentUrl":"https:\/\/ebc.paulainc.ca\/wp-content\/uploads\/2024\/01\/Frame-413.png","width":1744,"height":914},{"@type":"BreadcrumbList","@id":"https:\/\/ebc.paulainc.ca\/en\/about\/#breadcrumb","itemListElement":[{"@type":"ListItem","position":1,"name":"Home","item":"https:\/\/ebc.paulainc.ca\/en\/"},{"@type":"ListItem","position":2,"name":"Who We Are"}]},{"@type":"WebSite","@id":"https:\/\/ebc.paulainc.ca\/en\/#website","url":"https:\/\/ebc.paulainc.ca\/en\/","name":"EBC","description":"","potentialAction":[{"@type":"SearchAction","target":{"@type":"EntryPoint","urlTemplate":"https:\/\/ebc.paulainc.ca\/en\/?s={search_term_string}"},"query-input":{"@type":"PropertyValueSpecification","valueRequired":true,"valueName":"search_term_string"}}],"inLanguage":"fr-CA"}]}},"_links":{"self":[{"href":"https:\/\/ebc.paulainc.ca\/fr\/wp-json\/wp\/v2\/pages\/68","targetHints":{"allow":["GET"]}}],"collection":[{"href":"https:\/\/ebc.paulainc.ca\/fr\/wp-json\/wp\/v2\/pages"}],"about":[{"href":"https:\/\/ebc.paulainc.ca\/fr\/wp-json\/wp\/v2\/types\/page"}],"author":[{"embeddable":true,"href":"https:\/\/ebc.paulainc.ca\/fr\/wp-json\/wp\/v2\/users\/2"}],"replies":[{"embeddable":true,"href":"https:\/\/ebc.paulainc.ca\/fr\/wp-json\/wp\/v2\/comments?post=68"}],"version-history":[{"count":33,"href":"https:\/\/ebc.paulainc.ca\/fr\/wp-json\/wp\/v2\/pages\/68\/revisions"}],"predecessor-version":[{"id":1749,"href":"https:\/\/ebc.paulainc.ca\/fr\/wp-json\/wp\/v2\/pages\/68\/revisions\/1749"}],"wp:featuredmedia":[{"embeddable":true,"href":"https:\/\/ebc.paulainc.ca\/fr\/wp-json\/wp\/v2\/media\/1655"}],"wp:attachment":[{"href":"https:\/\/ebc.paulainc.ca\/fr\/wp-json\/wp\/v2\/media?parent=68"}],"curies":[{"name":"wp","href":"https:\/\/api.w.org\/{rel}","templated":true}]}}